{"id":203,"date":"2021-05-05T13:03:01","date_gmt":"2021-05-05T13:03:01","guid":{"rendered":"http:\/\/floating-houses.eu\/?page_id=203"},"modified":"2024-09-16T13:16:57","modified_gmt":"2024-09-16T13:16:57","slug":"aegir","status":"publish","type":"page","link":"https:\/\/floating-houses.eu\/da\/aegir\/","title":{"rendered":"Aegir"},"content":{"rendered":"\t\t<div data-elementor-type=\"wp-page\" data-elementor-id=\"203\" class=\"elementor elementor-203\">\n\t\t\t\t\t\t<section class=\"elementor-section elementor-top-section elementor-element elementor-element-96e08a2 elementor-section-height-min-height elementor-section-content-middle elementor-section-boxed elementor-section-height-default elementor-section-items-middle\" data-id=\"96e08a2\" data-element_type=\"section\" data-e-type=\"section\" data-settings=\"{&quot;background_background&quot;:&quot;slideshow&quot;,&quot;background_slideshow_gallery&quot;:[{&quot;id&quot;:34,&quot;url&quot;:&quot;http:\\\/\\\/floating-houses.eu\\\/wp-content\\\/uploads\\\/2021\\\/05\\\/Eingang03_Halm_Schleswigk-scaled.jpg&quot;},{&quot;id&quot;:38,&quot;url&quot;:&quot;http:\\\/\\\/floating-houses.eu\\\/wp-content\\\/uploads\\\/2021\\\/05\\\/Terrasse027_Halm_Schleswigk-scaled.jpg&quot;},{&quot;id&quot;:39,&quot;url&quot;:&quot;http:\\\/\\\/floating-houses.eu\\\/wp-content\\\/uploads\\\/2021\\\/05\\\/Terrasse032_Halm_Schleswigk-scaled.jpg&quot;},{&quot;id&quot;:37,&quot;url&quot;:&quot;http:\\\/\\\/floating-houses.eu\\\/wp-content\\\/uploads\\\/2021\\\/05\\\/Luft016_Halm_Schleswigk-scaled.jpg&quot;},{&quot;id&quot;:40,&quot;url&quot;:&quot;http:\\\/\\\/floating-houses.eu\\\/wp-content\\\/uploads\\\/2021\\\/05\\\/Terrasse033_Halm_Schleswigk-scaled.jpg&quot;},{&quot;id&quot;:31,&quot;url&quot;:&quot;http:\\\/\\\/floating-houses.eu\\\/wp-content\\\/uploads\\\/2021\\\/05\\\/B0A3758-HDRk.jpg&quot;},{&quot;id&quot;:33,&quot;url&quot;:&quot;http:\\\/\\\/floating-houses.eu\\\/wp-content\\\/uploads\\\/2021\\\/05\\\/Dachterrasse010_Halm_Schleswigk-scaled.jpg&quot;},{&quot;id&quot;:14,&quot;url&quot;:&quot;http:\\\/\\\/floating-houses.eu\\\/wp-content\\\/uploads\\\/2021\\\/05\\\/24_Halm_Schleswigk-scaled.jpg&quot;},{&quot;id&quot;:13,&quot;url&quot;:&quot;http:\\\/\\\/floating-houses.eu\\\/wp-content\\\/uploads\\\/2021\\\/05\\\/22_Halm_Schleswigk-scaled.jpg&quot;},{&quot;id&quot;:10,&quot;url&quot;:&quot;http:\\\/\\\/floating-houses.eu\\\/wp-content\\\/uploads\\\/2021\\\/05\\\/13_Halm_Schleswig-1k-scaled.jpg&quot;},{&quot;id&quot;:36,&quot;url&quot;:&quot;http:\\\/\\\/floating-houses.eu\\\/wp-content\\\/uploads\\\/2021\\\/05\\\/Luft007_Halm_Schleswigk-scaled.jpg&quot;}],&quot;background_slideshow_slide_duration&quot;:2000,&quot;background_slideshow_transition_duration&quot;:5000,&quot;background_slideshow_loop&quot;:&quot;yes&quot;,&quot;background_slideshow_slide_transition&quot;:&quot;fade&quot;}\">\n\t\t\t\t\t\t<div class=\"elementor-container elementor-column-gap-default\">\n\t\t\t\t\t<div class=\"elementor-column elementor-col-100 elementor-top-column elementor-element elementor-element-cc73112\" data-id=\"cc73112\" data-element_type=\"column\" data-e-type=\"column\">\n\t\t\t<div class=\"elementor-widget-wrap\">\n\t\t\t\t\t\t\t<\/div>\n\t\t<\/div>\n\t\t\t\t\t<\/div>\n\t\t<\/section>\n\t\t\t\t<section class=\"elementor-section elementor-top-section elementor-element elementor-element-17015b1 elementor-section-boxed elementor-section-height-default elementor-section-height-default\" data-id=\"17015b1\" data-element_type=\"section\" data-e-type=\"section\">\n\t\t\t\t\t\t<div class=\"elementor-container elementor-column-gap-default\">\n\t\t\t\t\t<div class=\"elementor-column elementor-col-50 elementor-top-column elementor-element elementor-element-2dd8457\" data-id=\"2dd8457\" data-element_type=\"column\" data-e-type=\"column\">\n\t\t\t<div class=\"elementor-widget-wrap elementor-element-populated\">\n\t\t\t\t\t\t<div class=\"elementor-element elementor-element-cf6cd90 elementor-widget elementor-widget-heading\" data-id=\"cf6cd90\" data-element_type=\"widget\" data-e-type=\"widget\" data-widget_type=\"heading.default\">\n\t\t\t\t<div class=\"elementor-widget-container\">\n\t\t\t\t\t<h1 class=\"elementor-heading-title elementor-size-default\">Moin Ostseefjord!<\/h1>\t\t\t\t<\/div>\n\t\t\t\t<\/div>\n\t\t\t\t<div class=\"elementor-element elementor-element-055bdc4 elementor-widget elementor-widget-text-editor\" data-id=\"055bdc4\" data-element_type=\"widget\" data-e-type=\"widget\" data-widget_type=\"text-editor.default\">\n\t\t\t\t<div class=\"elementor-widget-container\">\n\t\t\t\t\t\t\t\t\t<p>Hier baumelt die Seele, hier entstehen neue Ideen, hier wird Energie getankt \u2013 die Ferienwohnung auf der Schlei in der Wikingerstadt Schleswig.<\/p>\t\t\t\t\t\t\t\t<\/div>\n\t\t\t\t<\/div>\n\t\t\t\t\t<\/div>\n\t\t<\/div>\n\t\t\t\t<div class=\"elementor-column elementor-col-50 elementor-top-column elementor-element elementor-element-60d3feb\" data-id=\"60d3feb\" data-element_type=\"column\" data-e-type=\"column\">\n\t\t\t<div class=\"elementor-widget-wrap elementor-element-populated\">\n\t\t\t\t\t\t<div class=\"elementor-element elementor-element-728285b elementor-widget elementor-widget-text-editor\" data-id=\"728285b\" data-element_type=\"widget\" data-e-type=\"widget\" data-widget_type=\"text-editor.default\">\n\t\t\t\t<div class=\"elementor-widget-container\">\n\t\t\t\t\t\t\t\t\t<p class=\"p1\"><b>Zu Wasser in Schleswig<br \/><\/b>Auf dem Hausboot Aegir k\u00f6nnt Ihr das Treiben auf dem Ostseefjord von der Couch aus beobachten. Genie\u00dft das maritime Flair der Schlei bei leckeren Speisen im lichtdurchfluteten Wohnzimmer. Ausgiebig fr\u00fchst\u00fccken k\u00f6nnt Ihr auf der \u00fcberdachten Terrasse. Oder doch lieber Candlelight-Dinner? G\u00f6nnt Euch was Gutes! Die praktische Pantryk\u00fcche ist mit allen wichtigen K\u00fcchenger\u00e4ten ausgestattet.<\/p><p class=\"p1\"><b>\u2026 und so gem\u00fctlich<br \/><\/b><b><\/b>Macht es euch auf dem gro\u00dfz\u00fcgigen Sonnendeck bequem! Je nach Bedarf in der Loungeecke, im XL-Strandkorb oder beim geselligen Beisammensein die Aussicht bei einem Drink genie\u00dfen.<\/p><p class=\"p1\">Die Dachterrasse erstreckt sich \u00fcber die gesamte Wohnfl\u00e4che des Hausboots. Von dort aus habt Ihr freien Blick \u00fcber die Schlei und den Stadthafen \u2013 ideal um eindrucksvolle Sonnenunterg\u00e4nge zu betrachten. Lasst Euch inspirieren oder einfach nur die Seele baumeln.<\/p><p class=\"p3\"><b>Ahoi Wikinger!<br \/><\/b>Entdeckt die Sch\u00e4tze der Wikingerstadt. Schleswig bietet einen optimalen Ausgangspunkt f\u00fcr viele Aktivit\u00e4ten. Haithabu, die bedeutende Siedlung d\u00e4nischer Wikinger liegt nur wenige hundert Meter vom Hausboot Aegir entfernt. In vielen alten Erz\u00e4hlungen hat Aegir, der Riese aus dem See die G\u00f6tter bewirtet. Heute erm\u00f6glicht Euch das Hausboot Aegir eine erholsame Auszeit auf dem Wasser im eigenen, individuellen Stil.<\/p><p class=\"p3\">F\u00fchlt Euch in dem Haus auf dem Wasser ganz wie zuhause und genie\u00dft den Blick \u00fcber den Ostseefjord und die freie Sicht auf Schloss Gottdorf \u2013 oder nutzt die vielen abwechslungsreichen Freizeitm\u00f6glichkeiten in der Region um die Schlei.\u00a0<b><\/b><a href=\"https:\/\/www.schleswig.de\/\" target=\"_blank\" rel=\"noopener\"><span class=\"s1\"><b>Kiek dor mol rin \u2026<\/b><\/span><\/a><\/p>\t\t\t\t\t\t\t\t<\/div>\n\t\t\t\t<\/div>\n\t\t\t\t\t<\/div>\n\t\t<\/div>\n\t\t\t\t\t<\/div>\n\t\t<\/section>\n\t\t\t\t<section class=\"elementor-section elementor-top-section elementor-element elementor-element-dcb80ad elementor-section-boxed elementor-section-height-default elementor-section-height-default\" data-id=\"dcb80ad\" data-element_type=\"section\" data-e-type=\"section\">\n\t\t\t\t\t\t<div class=\"elementor-container elementor-column-gap-default\">\n\t\t\t\t\t<div class=\"elementor-column elementor-col-100 elementor-top-column elementor-element elementor-element-0fca274\" data-id=\"0fca274\" data-element_type=\"column\" data-e-type=\"column\">\n\t\t\t<div class=\"elementor-widget-wrap elementor-element-populated\">\n\t\t\t\t\t\t<div class=\"elementor-element elementor-element-220b4fe elementor-widget elementor-widget-google_maps\" data-id=\"220b4fe\" data-element_type=\"widget\" data-e-type=\"widget\" data-widget_type=\"google_maps.default\">\n\t\t\t\t<div class=\"elementor-widget-container\">\n\t\t\t\t\t\t\t<div class=\"elementor-custom-embed\">\n\t\t\t<iframe loading=\"lazy\"\n\t\t\t\t\tsrc=\"https:\/\/maps.google.com\/maps?q=Stadthafen%20Schleswig%23&#038;t=m&#038;z=10&#038;output=embed&#038;iwloc=near\"\n\t\t\t\t\ttitle=\"Stadthafen Schleswig#\"\n\t\t\t\t\taria-label=\"Stadthafen Schleswig#\"\n\t\t\t><\/iframe>\n\t\t<\/div>\n\t\t\t\t\t\t<\/div>\n\t\t\t\t<\/div>\n\t\t\t\t\t<\/div>\n\t\t<\/div>\n\t\t\t\t\t<\/div>\n\t\t<\/section>\n\t\t\t\t<section class=\"elementor-section elementor-top-section elementor-element elementor-element-4c6f80c elementor-section-boxed elementor-section-height-default elementor-section-height-default\" data-id=\"4c6f80c\" data-element_type=\"section\" data-e-type=\"section\">\n\t\t\t\t\t\t<div class=\"elementor-container elementor-column-gap-default\">\n\t\t\t\t\t<div class=\"elementor-column elementor-col-100 elementor-top-column elementor-element elementor-element-18722c9\" data-id=\"18722c9\" data-element_type=\"column\" data-e-type=\"column\">\n\t\t\t<div class=\"elementor-widget-wrap elementor-element-populated\">\n\t\t\t\t\t\t<div class=\"elementor-element elementor-element-3a5c0ba gallery-spacing-custom elementor-widget elementor-widget-image-gallery\" data-id=\"3a5c0ba\" data-element_type=\"widget\" data-e-type=\"widget\" data-widget_type=\"image-gallery.default\">\n\t\t\t\t<div class=\"elementor-widget-container\">\n\t\t\t\t\t\t\t<div class=\"elementor-image-gallery\">\n\t\t\t<div id='gallery-1' class='gallery galleryid-203 gallery-columns-6 gallery-size-thumbnail'><figure class='gallery-item'>\n\t\t\t<div class='gallery-icon landscape'>\n\t\t\t\t<a data-elementor-open-lightbox=\"yes\" data-elementor-lightbox-slideshow=\"3a5c0ba\" data-elementor-lightbox-title=\"Terrasse unten Schleswig\" data-e-action-hash=\"#elementor-action%3Aaction%3Dlightbox%26settings%3DeyJpZCI6NDAsInVybCI6Imh0dHBzOlwvXC9mbG9hdGluZy1ob3VzZXMuZXVcL3dwLWNvbnRlbnRcL3VwbG9hZHNcLzIwMjFcLzA1XC9UZXJyYXNzZTAzM19IYWxtX1NjaGxlc3dpZ2stc2NhbGVkLmpwZyIsInNsaWRlc2hvdyI6IjNhNWMwYmEifQ%3D%3D\" href='https:\/\/floating-houses.eu\/wp-content\/uploads\/2021\/05\/Terrasse033_Halm_Schleswigk-scaled.jpg'><img decoding=\"async\" width=\"150\" height=\"150\" src=\"https:\/\/floating-houses.eu\/wp-content\/uploads\/2021\/05\/Terrasse033_Halm_Schleswigk-150x150.jpg\" class=\"attachment-thumbnail size-thumbnail\" alt=\"\" \/><\/a>\n\t\t\t<\/div><\/figure><figure class='gallery-item'>\n\t\t\t<div class='gallery-icon landscape'>\n\t\t\t\t<a data-elementor-open-lightbox=\"yes\" data-elementor-lightbox-slideshow=\"3a5c0ba\" data-elementor-lightbox-title=\"Terrasse unten Schleswig\" data-e-action-hash=\"#elementor-action%3Aaction%3Dlightbox%26settings%3DeyJpZCI6MzgsInVybCI6Imh0dHBzOlwvXC9mbG9hdGluZy1ob3VzZXMuZXVcL3dwLWNvbnRlbnRcL3VwbG9hZHNcLzIwMjFcLzA1XC9UZXJyYXNzZTAyN19IYWxtX1NjaGxlc3dpZ2stc2NhbGVkLmpwZyIsInNsaWRlc2hvdyI6IjNhNWMwYmEifQ%3D%3D\" href='https:\/\/floating-houses.eu\/wp-content\/uploads\/2021\/05\/Terrasse027_Halm_Schleswigk-scaled.jpg'><img decoding=\"async\" width=\"150\" height=\"150\" src=\"https:\/\/floating-houses.eu\/wp-content\/uploads\/2021\/05\/Terrasse027_Halm_Schleswigk-150x150.jpg\" class=\"attachment-thumbnail size-thumbnail\" alt=\"\" \/><\/a>\n\t\t\t<\/div><\/figure><figure class='gallery-item'>\n\t\t\t<div class='gallery-icon landscape'>\n\t\t\t\t<a data-elementor-open-lightbox=\"yes\" data-elementor-lightbox-slideshow=\"3a5c0ba\" data-elementor-lightbox-title=\"Hausboot Schleswig\" data-e-action-hash=\"#elementor-action%3Aaction%3Dlightbox%26settings%3DeyJpZCI6MzYsInVybCI6Imh0dHBzOlwvXC9mbG9hdGluZy1ob3VzZXMuZXVcL3dwLWNvbnRlbnRcL3VwbG9hZHNcLzIwMjFcLzA1XC9MdWZ0MDA3X0hhbG1fU2NobGVzd2lnay1zY2FsZWQuanBnIiwic2xpZGVzaG93IjoiM2E1YzBiYSJ9\" href='https:\/\/floating-houses.eu\/wp-content\/uploads\/2021\/05\/Luft007_Halm_Schleswigk-scaled.jpg'><img decoding=\"async\" width=\"150\" height=\"150\" src=\"https:\/\/floating-houses.eu\/wp-content\/uploads\/2021\/05\/Luft007_Halm_Schleswigk-150x150.jpg\" class=\"attachment-thumbnail size-thumbnail\" alt=\"\" \/><\/a>\n\t\t\t<\/div><\/figure><figure class='gallery-item'>\n\t\t\t<div class='gallery-icon landscape'>\n\t\t\t\t<a data-elementor-open-lightbox=\"yes\" data-elementor-lightbox-slideshow=\"3a5c0ba\" data-elementor-lightbox-title=\"Hausboot Schleswig\" data-e-action-hash=\"#elementor-action%3Aaction%3Dlightbox%26settings%3DeyJpZCI6MzQsInVybCI6Imh0dHBzOlwvXC9mbG9hdGluZy1ob3VzZXMuZXVcL3dwLWNvbnRlbnRcL3VwbG9hZHNcLzIwMjFcLzA1XC9FaW5nYW5nMDNfSGFsbV9TY2hsZXN3aWdrLXNjYWxlZC5qcGciLCJzbGlkZXNob3ciOiIzYTVjMGJhIn0%3D\" href='https:\/\/floating-houses.eu\/wp-content\/uploads\/2021\/05\/Eingang03_Halm_Schleswigk-scaled.jpg'><img loading=\"lazy\" decoding=\"async\" width=\"150\" height=\"150\" src=\"https:\/\/floating-houses.eu\/wp-content\/uploads\/2021\/05\/Eingang03_Halm_Schleswigk-150x150.jpg\" class=\"attachment-thumbnail size-thumbnail\" alt=\"\" \/><\/a>\n\t\t\t<\/div><\/figure><figure class='gallery-item'>\n\t\t\t<div class='gallery-icon landscape'>\n\t\t\t\t<a data-elementor-open-lightbox=\"yes\" data-elementor-lightbox-slideshow=\"3a5c0ba\" data-elementor-lightbox-title=\"Hausboot Schleswig\" data-e-action-hash=\"#elementor-action%3Aaction%3Dlightbox%26settings%3DeyJpZCI6MTgsInVybCI6Imh0dHBzOlwvXC9mbG9hdGluZy1ob3VzZXMuZXVcL3dwLWNvbnRlbnRcL3VwbG9hZHNcLzIwMjFcLzA1XC80MV9IYWxtX1NjaGxlc3dpZ2stc2NhbGVkLmpwZyIsInNsaWRlc2hvdyI6IjNhNWMwYmEifQ%3D%3D\" href='https:\/\/floating-houses.eu\/wp-content\/uploads\/2021\/05\/41_Halm_Schleswigk-scaled.jpg'><img loading=\"lazy\" decoding=\"async\" width=\"150\" height=\"150\" src=\"https:\/\/floating-houses.eu\/wp-content\/uploads\/2021\/05\/41_Halm_Schleswigk-150x150.jpg\" class=\"attachment-thumbnail size-thumbnail\" alt=\"\" \/><\/a>\n\t\t\t<\/div><\/figure><figure class='gallery-item'>\n\t\t\t<div class='gallery-icon landscape'>\n\t\t\t\t<a data-elementor-open-lightbox=\"yes\" data-elementor-lightbox-slideshow=\"3a5c0ba\" data-elementor-lightbox-title=\"K\u00fcche Schleswig\" data-e-action-hash=\"#elementor-action%3Aaction%3Dlightbox%26settings%3DeyJpZCI6MTQsInVybCI6Imh0dHBzOlwvXC9mbG9hdGluZy1ob3VzZXMuZXVcL3dwLWNvbnRlbnRcL3VwbG9hZHNcLzIwMjFcLzA1XC8yNF9IYWxtX1NjaGxlc3dpZ2stc2NhbGVkLmpwZyIsInNsaWRlc2hvdyI6IjNhNWMwYmEifQ%3D%3D\" href='https:\/\/floating-houses.eu\/wp-content\/uploads\/2021\/05\/24_Halm_Schleswigk-scaled.jpg'><img loading=\"lazy\" decoding=\"async\" width=\"150\" height=\"150\" src=\"https:\/\/floating-houses.eu\/wp-content\/uploads\/2021\/05\/24_Halm_Schleswigk-150x150.jpg\" class=\"attachment-thumbnail size-thumbnail\" alt=\"\" \/><\/a>\n\t\t\t<\/div><\/figure><figure class='gallery-item'>\n\t\t\t<div class='gallery-icon landscape'>\n\t\t\t\t<a data-elementor-open-lightbox=\"yes\" data-elementor-lightbox-slideshow=\"3a5c0ba\" data-elementor-lightbox-title=\"Schlafzimmer Schleswig\" data-e-action-hash=\"#elementor-action%3Aaction%3Dlightbox%26settings%3DeyJpZCI6MTAsInVybCI6Imh0dHBzOlwvXC9mbG9hdGluZy1ob3VzZXMuZXVcL3dwLWNvbnRlbnRcL3VwbG9hZHNcLzIwMjFcLzA1XC8xM19IYWxtX1NjaGxlc3dpZy0xay1zY2FsZWQuanBnIiwic2xpZGVzaG93IjoiM2E1YzBiYSJ9\" href='https:\/\/floating-houses.eu\/wp-content\/uploads\/2021\/05\/13_Halm_Schleswig-1k-scaled.jpg'><img loading=\"lazy\" decoding=\"async\" width=\"150\" height=\"150\" src=\"https:\/\/floating-houses.eu\/wp-content\/uploads\/2021\/05\/13_Halm_Schleswig-1k-150x150.jpg\" class=\"attachment-thumbnail size-thumbnail\" alt=\"\" \/><\/a>\n\t\t\t<\/div><\/figure><figure class='gallery-item'>\n\t\t\t<div class='gallery-icon landscape'>\n\t\t\t\t<a data-elementor-open-lightbox=\"yes\" data-elementor-lightbox-slideshow=\"3a5c0ba\" data-elementor-lightbox-title=\"Bad Schleswig\" data-e-action-hash=\"#elementor-action%3Aaction%3Dlightbox%26settings%3DeyJpZCI6MTEsInVybCI6Imh0dHBzOlwvXC9mbG9hdGluZy1ob3VzZXMuZXVcL3dwLWNvbnRlbnRcL3VwbG9hZHNcLzIwMjFcLzA1XC8xNF9IYWxtX1NjaGxlc3dpZy0xay1zY2FsZWQuanBnIiwic2xpZGVzaG93IjoiM2E1YzBiYSJ9\" href='https:\/\/floating-houses.eu\/wp-content\/uploads\/2021\/05\/14_Halm_Schleswig-1k-scaled.jpg'><img loading=\"lazy\" decoding=\"async\" width=\"150\" height=\"150\" src=\"https:\/\/floating-houses.eu\/wp-content\/uploads\/2021\/05\/14_Halm_Schleswig-1k-150x150.jpg\" class=\"attachment-thumbnail size-thumbnail\" alt=\"\" \/><\/a>\n\t\t\t<\/div><\/figure><figure class='gallery-item'>\n\t\t\t<div class='gallery-icon landscape'>\n\t\t\t\t<a data-elementor-open-lightbox=\"yes\" data-elementor-lightbox-slideshow=\"3a5c0ba\" data-elementor-lightbox-title=\"Wohnbereich Schleswig\" data-e-action-hash=\"#elementor-action%3Aaction%3Dlightbox%26settings%3DeyJpZCI6MzEsInVybCI6Imh0dHBzOlwvXC9mbG9hdGluZy1ob3VzZXMuZXVcL3dwLWNvbnRlbnRcL3VwbG9hZHNcLzIwMjFcLzA1XC9CMEEzNzU4LUhEUmsuanBnIiwic2xpZGVzaG93IjoiM2E1YzBiYSJ9\" href='https:\/\/floating-houses.eu\/wp-content\/uploads\/2021\/05\/B0A3758-HDRk.jpg'><img loading=\"lazy\" decoding=\"async\" width=\"150\" height=\"150\" src=\"https:\/\/floating-houses.eu\/wp-content\/uploads\/2021\/05\/B0A3758-HDRk-150x150.jpg\" class=\"attachment-thumbnail size-thumbnail\" alt=\"\" \/><\/a>\n\t\t\t<\/div><\/figure><figure class='gallery-item'>\n\t\t\t<div class='gallery-icon landscape'>\n\t\t\t\t<a data-elementor-open-lightbox=\"yes\" data-elementor-lightbox-slideshow=\"3a5c0ba\" data-elementor-lightbox-title=\"Dachterrasse Schleswig\" data-e-action-hash=\"#elementor-action%3Aaction%3Dlightbox%26settings%3DeyJpZCI6MzMsInVybCI6Imh0dHBzOlwvXC9mbG9hdGluZy1ob3VzZXMuZXVcL3dwLWNvbnRlbnRcL3VwbG9hZHNcLzIwMjFcLzA1XC9EYWNodGVycmFzc2UwMTBfSGFsbV9TY2hsZXN3aWdrLXNjYWxlZC5qcGciLCJzbGlkZXNob3ciOiIzYTVjMGJhIn0%3D\" href='https:\/\/floating-houses.eu\/wp-content\/uploads\/2021\/05\/Dachterrasse010_Halm_Schleswigk-scaled.jpg'><img loading=\"lazy\" decoding=\"async\" width=\"150\" height=\"150\" src=\"https:\/\/floating-houses.eu\/wp-content\/uploads\/2021\/05\/Dachterrasse010_Halm_Schleswigk-150x150.jpg\" class=\"attachment-thumbnail size-thumbnail\" alt=\"\" \/><\/a>\n\t\t\t<\/div><\/figure><figure class='gallery-item'>\n\t\t\t<div class='gallery-icon landscape'>\n\t\t\t\t<a data-elementor-open-lightbox=\"yes\" data-elementor-lightbox-slideshow=\"3a5c0ba\" data-elementor-lightbox-title=\"Hausboot Schleswig\" data-e-action-hash=\"#elementor-action%3Aaction%3Dlightbox%26settings%3DeyJpZCI6MzcsInVybCI6Imh0dHBzOlwvXC9mbG9hdGluZy1ob3VzZXMuZXVcL3dwLWNvbnRlbnRcL3VwbG9hZHNcLzIwMjFcLzA1XC9MdWZ0MDE2X0hhbG1fU2NobGVzd2lnay1zY2FsZWQuanBnIiwic2xpZGVzaG93IjoiM2E1YzBiYSJ9\" href='https:\/\/floating-houses.eu\/wp-content\/uploads\/2021\/05\/Luft016_Halm_Schleswigk-scaled.jpg'><img loading=\"lazy\" decoding=\"async\" width=\"150\" height=\"150\" src=\"https:\/\/floating-houses.eu\/wp-content\/uploads\/2021\/05\/Luft016_Halm_Schleswigk-150x150.jpg\" class=\"attachment-thumbnail size-thumbnail\" alt=\"\" \/><\/a>\n\t\t\t<\/div><\/figure><figure class='gallery-item'>\n\t\t\t<div class='gallery-icon landscape'>\n\t\t\t\t<a data-elementor-open-lightbox=\"yes\" data-elementor-lightbox-slideshow=\"3a5c0ba\" data-elementor-lightbox-title=\"Essbereich Schleswig\" data-e-action-hash=\"#elementor-action%3Aaction%3Dlightbox%26settings%3DeyJpZCI6MTMsInVybCI6Imh0dHBzOlwvXC9mbG9hdGluZy1ob3VzZXMuZXVcL3dwLWNvbnRlbnRcL3VwbG9hZHNcLzIwMjFcLzA1XC8yMl9IYWxtX1NjaGxlc3dpZ2stc2NhbGVkLmpwZyIsInNsaWRlc2hvdyI6IjNhNWMwYmEifQ%3D%3D\" href='https:\/\/floating-houses.eu\/wp-content\/uploads\/2021\/05\/22_Halm_Schleswigk-scaled.jpg'><img loading=\"lazy\" decoding=\"async\" width=\"150\" height=\"150\" src=\"https:\/\/floating-houses.eu\/wp-content\/uploads\/2021\/05\/22_Halm_Schleswigk-150x150.jpg\" class=\"attachment-thumbnail size-thumbnail\" alt=\"\" \/><\/a>\n\t\t\t<\/div><\/figure><figure class='gallery-item'>\n\t\t\t<div class='gallery-icon landscape'>\n\t\t\t\t<a data-elementor-open-lightbox=\"yes\" data-elementor-lightbox-slideshow=\"3a5c0ba\" data-elementor-lightbox-title=\"Hausboot Schleswig\" data-e-action-hash=\"#elementor-action%3Aaction%3Dlightbox%26settings%3DeyJpZCI6MTYsInVybCI6Imh0dHBzOlwvXC9mbG9hdGluZy1ob3VzZXMuZXVcL3dwLWNvbnRlbnRcL3VwbG9hZHNcLzIwMjFcLzA1XC8zNF9IYWxtX1NjaGxlc3dpZ2stc2NhbGVkLmpwZyIsInNsaWRlc2hvdyI6IjNhNWMwYmEifQ%3D%3D\" href='https:\/\/floating-houses.eu\/wp-content\/uploads\/2021\/05\/34_Halm_Schleswigk-scaled.jpg'><img loading=\"lazy\" decoding=\"async\" width=\"150\" height=\"150\" src=\"https:\/\/floating-houses.eu\/wp-content\/uploads\/2021\/05\/34_Halm_Schleswigk-150x150.jpg\" class=\"attachment-thumbnail size-thumbnail\" alt=\"\" \/><\/a>\n\t\t\t<\/div><\/figure><figure class='gallery-item'>\n\t\t\t<div class='gallery-icon landscape'>\n\t\t\t\t<a data-elementor-open-lightbox=\"yes\" data-elementor-lightbox-slideshow=\"3a5c0ba\" data-elementor-lightbox-title=\"Dachterrasse Schleswig\" data-e-action-hash=\"#elementor-action%3Aaction%3Dlightbox%26settings%3DeyJpZCI6MzIsInVybCI6Imh0dHBzOlwvXC9mbG9hdGluZy1ob3VzZXMuZXVcL3dwLWNvbnRlbnRcL3VwbG9hZHNcLzIwMjFcLzA1XC9EYWNodGVycmFzc2UwMDFfSGFsbV9TY2hsZXN3aWdrLXNjYWxlZC5qcGciLCJzbGlkZXNob3ciOiIzYTVjMGJhIn0%3D\" href='https:\/\/floating-houses.eu\/wp-content\/uploads\/2021\/05\/Dachterrasse001_Halm_Schleswigk-scaled.jpg'><img loading=\"lazy\" decoding=\"async\" width=\"150\" height=\"150\" src=\"https:\/\/floating-houses.eu\/wp-content\/uploads\/2021\/05\/Dachterrasse001_Halm_Schleswigk-150x150.jpg\" class=\"attachment-thumbnail size-thumbnail\" alt=\"\" \/><\/a>\n\t\t\t<\/div><\/figure><figure class='gallery-item'>\n\t\t\t<div class='gallery-icon landscape'>\n\t\t\t\t<a data-elementor-open-lightbox=\"yes\" data-elementor-lightbox-slideshow=\"3a5c0ba\" data-elementor-lightbox-title=\"66_Halm_Schleswigk\" data-e-action-hash=\"#elementor-action%3Aaction%3Dlightbox%26settings%3DeyJpZCI6MjQsInVybCI6Imh0dHBzOlwvXC9mbG9hdGluZy1ob3VzZXMuZXVcL3dwLWNvbnRlbnRcL3VwbG9hZHNcLzIwMjFcLzA1XC82Nl9IYWxtX1NjaGxlc3dpZ2stc2NhbGVkLmpwZyIsInNsaWRlc2hvdyI6IjNhNWMwYmEifQ%3D%3D\" href='https:\/\/floating-houses.eu\/wp-content\/uploads\/2021\/05\/66_Halm_Schleswigk-scaled.jpg'><img loading=\"lazy\" decoding=\"async\" width=\"150\" height=\"150\" src=\"https:\/\/floating-houses.eu\/wp-content\/uploads\/2021\/05\/66_Halm_Schleswigk-150x150.jpg\" class=\"attachment-thumbnail size-thumbnail\" alt=\"\" \/><\/a>\n\t\t\t<\/div><\/figure><figure class='gallery-item'>\n\t\t\t<div class='gallery-icon landscape'>\n\t\t\t\t<a data-elementor-open-lightbox=\"yes\" data-elementor-lightbox-slideshow=\"3a5c0ba\" data-elementor-lightbox-title=\"Terrasse unten Schleswig\" data-e-action-hash=\"#elementor-action%3Aaction%3Dlightbox%26settings%3DeyJpZCI6MzksInVybCI6Imh0dHBzOlwvXC9mbG9hdGluZy1ob3VzZXMuZXVcL3dwLWNvbnRlbnRcL3VwbG9hZHNcLzIwMjFcLzA1XC9UZXJyYXNzZTAzMl9IYWxtX1NjaGxlc3dpZ2stc2NhbGVkLmpwZyIsInNsaWRlc2hvdyI6IjNhNWMwYmEifQ%3D%3D\" href='https:\/\/floating-houses.eu\/wp-content\/uploads\/2021\/05\/Terrasse032_Halm_Schleswigk-scaled.jpg'><img loading=\"lazy\" decoding=\"async\" width=\"150\" height=\"150\" src=\"https:\/\/floating-houses.eu\/wp-content\/uploads\/2021\/05\/Terrasse032_Halm_Schleswigk-150x150.jpg\" class=\"attachment-thumbnail size-thumbnail\" alt=\"\" \/><\/a>\n\t\t\t<\/div><\/figure><figure class='gallery-item'>\n\t\t\t<div class='gallery-icon landscape'>\n\t\t\t\t<a data-elementor-open-lightbox=\"yes\" data-elementor-lightbox-slideshow=\"3a5c0ba\" data-elementor-lightbox-title=\"47_Halm_Schleswigk\" data-e-action-hash=\"#elementor-action%3Aaction%3Dlightbox%26settings%3DeyJpZCI6MjAsInVybCI6Imh0dHBzOlwvXC9mbG9hdGluZy1ob3VzZXMuZXVcL3dwLWNvbnRlbnRcL3VwbG9hZHNcLzIwMjFcLzA1XC80N19IYWxtX1NjaGxlc3dpZ2stc2NhbGVkLmpwZyIsInNsaWRlc2hvdyI6IjNhNWMwYmEifQ%3D%3D\" href='https:\/\/floating-houses.eu\/wp-content\/uploads\/2021\/05\/47_Halm_Schleswigk-scaled.jpg'><img loading=\"lazy\" decoding=\"async\" width=\"150\" height=\"150\" src=\"https:\/\/floating-houses.eu\/wp-content\/uploads\/2021\/05\/47_Halm_Schleswigk-150x150.jpg\" class=\"attachment-thumbnail size-thumbnail\" alt=\"\" \/><\/a>\n\t\t\t<\/div><\/figure><figure class='gallery-item'>\n\t\t\t<div class='gallery-icon landscape'>\n\t\t\t\t<a data-elementor-open-lightbox=\"yes\" data-elementor-lightbox-slideshow=\"3a5c0ba\" data-elementor-lightbox-title=\"Ausblick Schleswig\" data-e-action-hash=\"#elementor-action%3Aaction%3Dlightbox%26settings%3DeyJpZCI6MTcsInVybCI6Imh0dHBzOlwvXC9mbG9hdGluZy1ob3VzZXMuZXVcL3dwLWNvbnRlbnRcL3VwbG9hZHNcLzIwMjFcLzA1XC8zOF9IYWxtX1NjaGxlc3dpZ2stc2NhbGVkLmpwZyIsInNsaWRlc2hvdyI6IjNhNWMwYmEifQ%3D%3D\" href='https:\/\/floating-houses.eu\/wp-content\/uploads\/2021\/05\/38_Halm_Schleswigk-scaled.jpg'><img loading=\"lazy\" decoding=\"async\" width=\"150\" height=\"150\" src=\"https:\/\/floating-houses.eu\/wp-content\/uploads\/2021\/05\/38_Halm_Schleswigk-150x150.jpg\" class=\"attachment-thumbnail size-thumbnail\" alt=\"\" \/><\/a>\n\t\t\t<\/div><\/figure>\n\t\t<\/div>\n\t\t<\/div>\n\t\t\t\t\t\t<\/div>\n\t\t\t\t<\/div>\n\t\t\t\t\t<\/div>\n\t\t<\/div>\n\t\t\t\t\t<\/div>\n\t\t<\/section>\n\t\t\t\t<section class=\"elementor-section elementor-top-section elementor-element elementor-element-86ed03f elementor-section-boxed elementor-section-height-default elementor-section-height-default\" data-id=\"86ed03f\" data-element_type=\"section\" data-e-type=\"section\">\n\t\t\t\t\t\t<div class=\"elementor-container elementor-column-gap-default\">\n\t\t\t\t\t<div class=\"elementor-column elementor-col-100 elementor-top-column elementor-element elementor-element-a7f7312\" data-id=\"a7f7312\" data-element_type=\"column\" data-e-type=\"column\">\n\t\t\t<div class=\"elementor-widget-wrap\">\n\t\t\t\t\t\t\t<\/div>\n\t\t<\/div>\n\t\t\t\t\t<\/div>\n\t\t<\/section>\n\t\t\t\t<\/div>\n\t\t","protected":false},"excerpt":{"rendered":"<p>Moin Ostseefjord! Hier baumelt die Seele, hier entstehen neue Ideen, hier wird Energie getankt \u2013 die Ferienwohnung auf der Schlei in der Wikingerstadt Schleswig. Zu Wasser in SchleswigAuf dem Hausboot Aegir k\u00f6nnt Ihr das Treiben auf dem Ostseefjord von der Couch aus beobachten. Genie\u00dft das maritime Flair der Schlei bei leckeren Speisen im lichtdurchfluteten Wohnzimmer. [&hellip;]<\/p>\n","protected":false},"author":1,"featured_media":0,"parent":0,"menu_order":0,"comment_status":"closed","ping_status":"closed","template":"elementor_header_footer","meta":{"footnotes":""},"class_list":["post-203","page","type-page","status-publish","hentry"],"_links":{"self":[{"href":"https:\/\/floating-houses.eu\/da\/wp-json\/wp\/v2\/pages\/203"}],"collection":[{"href":"https:\/\/floating-houses.eu\/da\/wp-json\/wp\/v2\/pages"}],"about":[{"href":"https:\/\/floating-houses.eu\/da\/wp-json\/wp\/v2\/types\/page"}],"author":[{"embeddable":true,"href":"https:\/\/floating-houses.eu\/da\/wp-json\/wp\/v2\/users\/1"}],"replies":[{"embeddable":true,"href":"https:\/\/floating-houses.eu\/da\/wp-json\/wp\/v2\/comments?post=203"}],"version-history":[{"count":172,"href":"https:\/\/floating-houses.eu\/da\/wp-json\/wp\/v2\/pages\/203\/revisions"}],"predecessor-version":[{"id":1151,"href":"https:\/\/floating-houses.eu\/da\/wp-json\/wp\/v2\/pages\/203\/revisions\/1151"}],"wp:attachment":[{"href":"https:\/\/floating-houses.eu\/da\/wp-json\/wp\/v2\/media?parent=203"}],"curies":[{"name":"wp","href":"https:\/\/api.w.org\/{rel}","templated":true}]}}