{"id":336,"date":"2021-05-07T13:07:16","date_gmt":"2021-05-07T13:07:16","guid":{"rendered":"http:\/\/floating-houses.eu\/?page_id=336"},"modified":"2021-05-07T14:59:39","modified_gmt":"2021-05-07T14:59:39","slug":"impressum","status":"publish","type":"page","link":"https:\/\/floating-houses.eu\/da\/impressum\/","title":{"rendered":"Impressum"},"content":{"rendered":"<div data-elementor-type=\"wp-page\" data-elementor-id=\"336\" class=\"elementor elementor-336\">\n\t\t\t\t\t\t<section class=\"elementor-section elementor-top-section elementor-element elementor-element-907f6cf elementor-section-boxed elementor-section-height-default elementor-section-height-default\" data-id=\"907f6cf\" data-element_type=\"section\" data-e-type=\"section\">\n\t\t\t\t\t\t<div class=\"elementor-container elementor-column-gap-default\">\n\t\t\t\t\t<div class=\"elementor-column elementor-col-100 elementor-top-column elementor-element elementor-element-2c7eda8\" data-id=\"2c7eda8\" data-element_type=\"column\" data-e-type=\"column\">\n\t\t\t<div class=\"elementor-widget-wrap elementor-element-populated\">\n\t\t\t\t\t\t<div class=\"elementor-element elementor-element-eef362a elementor-widget elementor-widget-heading\" data-id=\"eef362a\" data-element_type=\"widget\" data-e-type=\"widget\" data-widget_type=\"heading.default\">\n\t\t\t\t<div class=\"elementor-widget-container\">\n\t\t\t\t\t<h2 class=\"elementor-heading-title elementor-size-default\">Impressum<\/h2>\t\t\t\t<\/div>\n\t\t\t\t<\/div>\n\t\t\t\t\t<\/div>\n\t\t<\/div>\n\t\t\t\t\t<\/div>\n\t\t<\/section>\n\t\t\t\t<section class=\"elementor-section elementor-top-section elementor-element elementor-element-89f5c92 elementor-section-boxed elementor-section-height-default elementor-section-height-default\" data-id=\"89f5c92\" data-element_type=\"section\" data-e-type=\"section\">\n\t\t\t\t\t\t<div class=\"elementor-container elementor-column-gap-default\">\n\t\t\t\t\t<div class=\"elementor-column elementor-col-100 elementor-top-column elementor-element elementor-element-605ceb7\" data-id=\"605ceb7\" data-element_type=\"column\" data-e-type=\"column\">\n\t\t\t<div class=\"elementor-widget-wrap elementor-element-populated\">\n\t\t\t\t\t\t<div class=\"elementor-element elementor-element-933798f elementor-widget elementor-widget-text-editor\" data-id=\"933798f\" data-element_type=\"widget\" data-e-type=\"widget\" data-widget_type=\"text-editor.default\">\n\t\t\t\t<div class=\"elementor-widget-container\">\n\t\t\t\t\t\t\t\t\t<p>Stephan Halm<br \/>floating-houses<\/p><p>Bahrenfelder Chaussee 170<br \/>22761 Hamburg<\/p><p><a href=\"https:\/\/floating-houses.eu\/da\/\">www.floating-houses.eu<\/a><br \/><a href=\"mailto:halm@floating-houses.eu\">halm@floating-houses.eu<\/a><\/p><p>IdNr.: 43 579 821 701<br \/>St.Nr.: 41\/084\/03069<\/p><p>Fotos: Stephan Halm, Christoph Reinhard\u00a0<\/p><p><strong>Haftungsausschluss<br \/><\/strong>Alle Inhalte dieser Webseite wurden mit gr\u00f6\u00dfter Sorgfalt erstellt. Bearbeitungsfehler kann ich jedoch nicht vollst\u00e4ndig ausschlie\u00dfen. Hinweise dazu senden Sie an <a href=\"mailto:halm@floating-houses.eu\">halm@floating-houses.eu<\/a><br \/>Es wird daher keine Haftung f\u00fcr die Aktualit\u00e4t, Richtigkeit oder Vollst\u00e4ndigkeit der Informationen \u00fcbernommen.<br \/>User gehen auf die Webseite und deren Inhalte auf eigenes Risiko. Ich hafte nicht f\u00fcr zuf\u00e4llige, direkte oder indirekte Sch\u00e4den, die aus der Nutzung dieser Webseite entstehen. Ich behalte mir vor, den Zugriff auf die Webseite jederzeit zeitweise zu unterbrechen.<\/p><p><strong>Urheberrecht<br \/><\/strong>Die Inhalte und Werke auf diesen Seiten unterliegen dem deutschen Urheberrecht. Die Vervielf\u00e4ltigung, Bearbeitung, Verbreitung und jede Art der Verwertung au\u00dferhalb der Grenzen des Urheberrechtes bed\u00fcrfen der schriftlichen Zustimmung des jeweiligen Betreibers bzw. Erstellers. Downloads und Kopien dieser Seite sind nur f\u00fcr den privaten, nicht kommerziellen Gebrauch gestattet. Soweit die Inhalte auf dieser Seite nicht vom Betreiber erstellt wurden, werden die Urheberrechte Dritter beachtet. Insbesondere werden Inhalte Dritter als solche gekennzeichnet. Sollten Sie trotzdem auf eine Urheberrechtsverletzung aufmerksam werden, bitten wir um einen entsprechenden Hinweis. Bei Bekanntwerden von Rechtsverletzungen werde ich derartige Inhalte umgehend entfernen.<\/p><p><strong>Haftung Inhalt<br \/><\/strong>Ich bin als Diensteanbieter f\u00fcr die eigenen Inhalte verantwortlich. Ich habe diese mit gr\u00f6\u00dfter Sorgfalt erstellt, kann jedoch f\u00fcr Vollst\u00e4ndigkeit und Aktualit\u00e4t keine Gew\u00e4hr \u00fcbernehmen. Es besteht keine Verpflichtung, \u00fcbermittelte oder gespeicherte fremde Informationen zu \u00fcberwachen oder nach Umst\u00e4nden zu forschen, die auf eine rechtswidrige T\u00e4tigkeit hinweisen. Verpflichtungen zur Entfernung oder Sperrung der Nutzung von Informationen nach den allgemeinen Gesetzen bleiben hiervon unber\u00fchrt. Eine diesbez\u00fcgliche Haftung ist jedoch erst ab dem Zeitpunkt der Kenntnis einer konkreten Rechtsverletzung m\u00f6glich. Bei bekannt werden von entsprechenden Rechtsverletzungen werde ich diese Inhalte umgehend entfernen.<\/p><p><strong>Links<br \/><\/strong>Die Seite enth\u00e4lt Links zu externen Webseiten Dritter, auf deren Inhalte ich keinen Einfluss habe. Daher kann ich f\u00fcr diese externen Inhalte keine Gew\u00e4hr \u00fcbernehmen. Es ist somit der jeweilige Anbieter oder Betreiber der Seiten daf\u00fcr verantwortlich. Zum Zeitpunkt der Verlinkung wurden die Seiten auf Rechtsverst\u00f6\u00dfe \u00fcberpr\u00fcft. Zu diesem Zeitpunkt waren keine rechtswidrigen Inhalte erkennbar. Eine laufende \u00dcberpr\u00fcfung verlinkter Internetseiten ist nicht m\u00f6glich und auch nicht zumutbar, daher kann ich lediglich auf konkrete Anhaltspunkte reagieren. Wird mir ein Rechtsversto\u00df bekannt, werde ich entsprechende Links und Verweise umgehend entfernen.<\/p><p><strong>Hinweis auf EU-Streitschlichtung<br \/><\/strong>Die Plattform zur Online-Streitbeilegung (OS) der Europ\u00e4ischen Kommission:<\/p><p><a title=\"http:\/\/ec.europa.eu\/consumers\/odr\" href=\"http:\/\/ec.europa.eu\/consumers\/odr\" target=\"_blank\" rel=\"noopener\">http:\/\/ec.europa.eu\/consumers\/odr<\/a><\/p>\t\t\t\t\t\t\t\t<\/div>\n\t\t\t\t<\/div>\n\t\t\t\t\t<\/div>\n\t\t<\/div>\n\t\t\t\t\t<\/div>\n\t\t<\/section>\n\t\t\t\t<\/div>","protected":false},"excerpt":{"rendered":"<p>Impressum Stephan Halmfloating-houses Bahrenfelder Chaussee 17022761 Hamburg www.floating-houses.euhalm@floating-houses.eu IdNr.: 43 579 821 701St.Nr.: 41\/084\/03069 Fotos: Stephan Halm, Christoph Reinhard\u00a0 HaftungsausschlussAlle Inhalte dieser Webseite wurden mit gr\u00f6\u00dfter Sorgfalt erstellt. Bearbeitungsfehler kann ich jedoch nicht vollst\u00e4ndig ausschlie\u00dfen. Hinweise dazu senden Sie an halm@floating-houses.euEs wird daher keine Haftung f\u00fcr die Aktualit\u00e4t, Richtigkeit oder Vollst\u00e4ndigkeit der Informationen \u00fcbernommen.User gehen [&hellip;]<\/p>\n","protected":false},"author":1,"featured_media":0,"parent":0,"menu_order":0,"comment_status":"closed","ping_status":"closed","template":"elementor_header_footer","meta":{"footnotes":""},"class_list":["post-336","page","type-page","status-publish","hentry"],"_links":{"self":[{"href":"https:\/\/floating-houses.eu\/da\/wp-json\/wp\/v2\/pages\/336"}],"collection":[{"href":"https:\/\/floating-houses.eu\/da\/wp-json\/wp\/v2\/pages"}],"about":[{"href":"https:\/\/floating-houses.eu\/da\/wp-json\/wp\/v2\/types\/page"}],"author":[{"embeddable":true,"href":"https:\/\/floating-houses.eu\/da\/wp-json\/wp\/v2\/users\/1"}],"replies":[{"embeddable":true,"href":"https:\/\/floating-houses.eu\/da\/wp-json\/wp\/v2\/comments?post=336"}],"version-history":[{"count":19,"href":"https:\/\/floating-houses.eu\/da\/wp-json\/wp\/v2\/pages\/336\/revisions"}],"predecessor-version":[{"id":409,"href":"https:\/\/floating-houses.eu\/da\/wp-json\/wp\/v2\/pages\/336\/revisions\/409"}],"wp:attachment":[{"href":"https:\/\/floating-houses.eu\/da\/wp-json\/wp\/v2\/media?parent=336"}],"curies":[{"name":"wp","href":"https:\/\/api.w.org\/{rel}","templated":true}]}}