{"id":350,"date":"2021-05-07T13:17:36","date_gmt":"2021-05-07T13:17:36","guid":{"rendered":"http:\/\/floating-houses.eu\/?page_id=350"},"modified":"2024-02-05T17:22:52","modified_gmt":"2024-02-05T17:22:52","slug":"agb","status":"publish","type":"page","link":"https:\/\/floating-houses.eu\/da\/agb\/","title":{"rendered":"AGB"},"content":{"rendered":"<div data-elementor-type=\"wp-page\" data-elementor-id=\"350\" class=\"elementor elementor-350\">\n\t\t\t\t\t\t<section class=\"elementor-section elementor-top-section elementor-element elementor-element-a55243b elementor-section-boxed elementor-section-height-default elementor-section-height-default\" data-id=\"a55243b\" data-element_type=\"section\" data-e-type=\"section\">\n\t\t\t\t\t\t<div class=\"elementor-container elementor-column-gap-default\">\n\t\t\t\t\t<div class=\"elementor-column elementor-col-100 elementor-top-column elementor-element elementor-element-1298d59\" data-id=\"1298d59\" data-element_type=\"column\" data-e-type=\"column\">\n\t\t\t<div class=\"elementor-widget-wrap elementor-element-populated\">\n\t\t\t\t\t\t<div class=\"elementor-element elementor-element-a75e4c2 elementor-widget elementor-widget-heading\" data-id=\"a75e4c2\" data-element_type=\"widget\" data-e-type=\"widget\" data-widget_type=\"heading.default\">\n\t\t\t\t<div class=\"elementor-widget-container\">\n\t\t\t\t\t<h2 class=\"elementor-heading-title elementor-size-default\">AGB<\/h2>\t\t\t\t<\/div>\n\t\t\t\t<\/div>\n\t\t\t\t\t<\/div>\n\t\t<\/div>\n\t\t\t\t\t<\/div>\n\t\t<\/section>\n\t\t\t\t<section class=\"elementor-section elementor-top-section elementor-element elementor-element-8313ca1 elementor-section-boxed elementor-section-height-default elementor-section-height-default\" data-id=\"8313ca1\" data-element_type=\"section\" data-e-type=\"section\">\n\t\t\t\t\t\t<div class=\"elementor-container elementor-column-gap-default\">\n\t\t\t\t\t<div class=\"elementor-column elementor-col-100 elementor-top-column elementor-element elementor-element-8df8bc4\" data-id=\"8df8bc4\" data-element_type=\"column\" data-e-type=\"column\">\n\t\t\t<div class=\"elementor-widget-wrap elementor-element-populated\">\n\t\t\t\t\t\t<div class=\"elementor-element elementor-element-08f9440 elementor-widget elementor-widget-text-editor\" data-id=\"08f9440\" data-element_type=\"widget\" data-e-type=\"widget\" data-widget_type=\"text-editor.default\">\n\t\t\t\t<div class=\"elementor-widget-container\">\n\t\t\t\t\t\t\t\t\t<p>Die Vermietung der Hausboote findet ausschlie\u00dflich \u00fcber die Firma FjordLink statt.<br \/>Daher gelten die AGB der Firma FjordLink.<\/p><p><strong>FjordLink Holidays GmbH &amp; Co. KG<\/strong><br \/>St\u00fcckenberg 2<br \/>24226 Heikendorf<\/p><div><p>Telefon: +49 (0) 431 &#8211; 806 595 40<br \/>E-Mail: <a href=\"mailto:info@fjordlink.de\">info@fjordlink.de<\/a><\/p><\/div>\t\t\t\t\t\t\t\t<\/div>\n\t\t\t\t<\/div>\n\t\t\t\t\t<\/div>\n\t\t<\/div>\n\t\t\t\t\t<\/div>\n\t\t<\/section>\n\t\t\t\t<\/div>","protected":false},"excerpt":{"rendered":"<p>AGB Die Vermietung der Hausboote findet ausschlie\u00dflich \u00fcber die Firma FjordLink statt.Daher gelten die AGB der Firma FjordLink. FjordLink Holidays GmbH &amp; Co. KGSt\u00fcckenberg 224226 Heikendorf Telefon: +49 (0) 431 &#8211; 806 595 40E-Mail: info@fjordlink.de<\/p>","protected":false},"author":1,"featured_media":0,"parent":0,"menu_order":0,"comment_status":"closed","ping_status":"closed","template":"elementor_header_footer","meta":{"footnotes":""},"class_list":["post-350","page","type-page","status-publish","hentry"],"_links":{"self":[{"href":"https:\/\/floating-houses.eu\/da\/wp-json\/wp\/v2\/pages\/350"}],"collection":[{"href":"https:\/\/floating-houses.eu\/da\/wp-json\/wp\/v2\/pages"}],"about":[{"href":"https:\/\/floating-houses.eu\/da\/wp-json\/wp\/v2\/types\/page"}],"author":[{"embeddable":true,"href":"https:\/\/floating-houses.eu\/da\/wp-json\/wp\/v2\/users\/1"}],"replies":[{"embeddable":true,"href":"https:\/\/floating-houses.eu\/da\/wp-json\/wp\/v2\/comments?post=350"}],"version-history":[{"count":20,"href":"https:\/\/floating-houses.eu\/da\/wp-json\/wp\/v2\/pages\/350\/revisions"}],"predecessor-version":[{"id":1130,"href":"https:\/\/floating-houses.eu\/da\/wp-json\/wp\/v2\/pages\/350\/revisions\/1130"}],"wp:attachment":[{"href":"https:\/\/floating-houses.eu\/da\/wp-json\/wp\/v2\/media?parent=350"}],"curies":[{"name":"wp","href":"https:\/\/api.w.org\/{rel}","templated":true}]}}