{"id":366,"date":"2021-05-07T14:11:43","date_gmt":"2021-05-07T14:11:43","guid":{"rendered":"http:\/\/floating-houses.eu\/?page_id=366"},"modified":"2021-05-07T14:17:31","modified_gmt":"2021-05-07T14:17:31","slug":"cookie-richtlinie","status":"publish","type":"page","link":"https:\/\/floating-houses.eu\/da\/cookie-richtlinie\/","title":{"rendered":"Cookie-Richtlinie"},"content":{"rendered":"<div data-elementor-type=\"wp-page\" data-elementor-id=\"366\" class=\"elementor elementor-366\">\n\t\t\t\t\t\t<section class=\"elementor-section elementor-top-section elementor-element elementor-element-2a831be elementor-section-boxed elementor-section-height-default elementor-section-height-default\" data-id=\"2a831be\" data-element_type=\"section\" data-e-type=\"section\">\n\t\t\t\t\t\t<div class=\"elementor-container elementor-column-gap-default\">\n\t\t\t\t\t<div class=\"elementor-column elementor-col-100 elementor-top-column elementor-element elementor-element-db189f5\" data-id=\"db189f5\" data-element_type=\"column\" data-e-type=\"column\">\n\t\t\t<div class=\"elementor-widget-wrap elementor-element-populated\">\n\t\t\t\t\t\t<div class=\"elementor-element elementor-element-123845c elementor-widget elementor-widget-heading\" data-id=\"123845c\" data-element_type=\"widget\" data-e-type=\"widget\" data-widget_type=\"heading.default\">\n\t\t\t\t<div class=\"elementor-widget-container\">\n\t\t\t\t\t<h2 class=\"elementor-heading-title elementor-size-default\">Cookie-Richtlinie<\/h2>\t\t\t\t<\/div>\n\t\t\t\t<\/div>\n\t\t\t\t\t<\/div>\n\t\t<\/div>\n\t\t\t\t\t<\/div>\n\t\t<\/section>\n\t\t\t\t<section class=\"elementor-section elementor-top-section elementor-element elementor-element-b6ecdf7 elementor-section-boxed elementor-section-height-default elementor-section-height-default\" data-id=\"b6ecdf7\" data-element_type=\"section\" data-e-type=\"section\">\n\t\t\t\t\t\t<div class=\"elementor-container elementor-column-gap-default\">\n\t\t\t\t\t<div class=\"elementor-column elementor-col-100 elementor-top-column elementor-element elementor-element-9cc96c6\" data-id=\"9cc96c6\" data-element_type=\"column\" data-e-type=\"column\">\n\t\t\t<div class=\"elementor-widget-wrap elementor-element-populated\">\n\t\t\t\t\t\t<div class=\"elementor-element elementor-element-0a137a4 elementor-widget elementor-widget-text-editor\" data-id=\"0a137a4\" data-element_type=\"widget\" data-e-type=\"widget\" data-widget_type=\"text-editor.default\">\n\t\t\t\t<div class=\"elementor-widget-container\">\n\t\t\t\t\t\t\t\t\t<p class=\"CookieDeclarationDialogText\">Diese Webseite verwendet Cookies. Ich verwende Cookies, um Inhalte und Anzeigen zu personalisieren, Funktionen f\u00fcr soziale Medien anbieten zu k\u00f6nnen und die Zugriffe auf unsere Website zu analysieren. Au\u00dferdem gebe ich Informationen zu Ihrer Verwendung unserer Website an meine Partner f\u00fcr soziale Medien, Werbung und Analysen weiter. Meine Partner f\u00fchren diese Informationen m\u00f6glicherweise mit weiteren Daten zusammen, die Sie ihnen bereitgestellt haben oder die sie im Rahmen Ihrer Nutzung der Dienste gesammelt haben.<\/p><p class=\"CookieDeclarationIntro\">Cookies sind kleine Textdateien, die von Webseiten verwendet werden, um die Benutzererfahrung effizienter zu gestalten.<br \/><br \/>Laut Gesetz kann ich Cookies auf Ihrem Ger\u00e4t speichern, wenn diese f\u00fcr den Betrieb dieser Seite unbedingt notwendig sind. F\u00fcr alle anderen Cookie-Typen ben\u00f6tige ich Ihre Erlaubnis.<br \/><br \/>Diese Seite verwendet unterschiedliche Cookie-Typen. Einige Cookies werden von Drittparteien platziert, die auf den Seiten erscheinen.<br \/><br \/>Sie k\u00f6nnen Ihre Einwilligung jederzeit von der Cookie-Erkl\u00e4rung auf meiner Website \u00e4ndern oder widerrufen.<br \/><br \/>Erfahren Sie in meiner Datenschutzrichtlinie mehr dar\u00fcber, wer wir sind, wie Sie uns kontaktieren k\u00f6nnen und wie wir personenbezogene Daten verarbeiten.<br \/><br \/>Bitte geben Sie Ihre Einwilligungs-ID und das Datum an, wenn Sie uns bez\u00fcglich Ihrer Einwilligung kontaktieren.<\/p><p>Ihre Einwilligung trifft auf die folgenden Domains zu: www.floating-houses.eu<\/p><div id=\"CookieDeclarationUserStatusPanel\" data-responsemode=\"leveloptin\" data-dialogtemplate=\"slideup_white\"><div id=\"CookieDeclarationUserStatusLabel\"><div id=\"CookieDeclarationUserStatusLabelOn\">Ihr aktueller Zustand: Cookies zulassen.\u00a0<\/div><p id=\"CookieDeclarationConsentIdAndDate\">Ihre Einwilligungs-ID:\u00a0<span id=\"CookieDeclarationUserStatusLabelConsentId\">iQFkXEfzoXTUp3pnKyVaK1JLT4skzKe6jTntYQLcRGnkQap3ewx1Gw==<\/span>Einwilligungsdatum:\u00a0<span id=\"CookieDeclarationUserStatusLabelConsentDate\">Freitag, 7. Mai 2021, 15:11:00 MESZ<\/span><\/p><\/div><div id=\"CookieDeclarationChangeConsent\"><a id=\"CookieDeclarationChangeConsentChange\" href=\"https:\/\/www.stern-hausboot.de\/#\">\u00c4ndern Sie Ihre Einwilligung<\/a><span id=\"CookieDeclarationUserStatusLabelWithdraw\">\u00a0\u00a0|\u00a0\u00a0<a id=\"CookieDeclarationChangeConsentWithdraw\" href=\"https:\/\/www.stern-hausboot.de\/#\">Widerrufen Sie Ihre Einwilligung<\/a><\/span><\/div><\/div><p>\u00a0<\/p><p class=\"CookieDeclarationLastUpdated\">Die Cookie-Erkl\u00e4rung wurde das letzte Mal am 28.04.21 von\u00a0<a title=\"Cookiebot\" href=\"https:\/\/www.cookiebot.com\/\" target=\"_blank\" rel=\"noopener\">Cookiebot<\/a>\u00a0aktualisiert:<\/p><div class=\"CookieDeclarationType\" dir=\"ltr\" lang=\"de\"><p class=\"CookieDeclarationTypeHeader\">Notwendig (7)<\/p><p class=\"CookieDeclarationTypeDescription\">Notwendige Cookies helfen dabei, eine Webseite nutzbar zu machen, indem sie Grundfunktionen wie Seitennavigation und Zugriff auf sichere Bereiche der Webseite erm\u00f6glichen. Die Webseite kann ohne diese Cookies nicht richtig funktionieren.<\/p><table class=\"CookieDeclarationTable\"><colgroup><col \/><col \/><col \/><col \/><col \/><\/colgroup><thead><tr><th class=\"CookieDeclarationTableHeader\" dir=\"ltr\" scope=\"col\">Name<\/th><th class=\"CookieDeclarationTableHeader\" dir=\"ltr\" scope=\"col\">Anbieter<\/th><th class=\"CookieDeclarationTableHeader\" dir=\"ltr\" scope=\"col\">Zweck<\/th><th class=\"CookieDeclarationTableHeader\" dir=\"ltr\" scope=\"col\">Ablauf<\/th><th class=\"CookieDeclarationTableHeader\" dir=\"ltr\" scope=\"col\">Typ<\/th><\/tr><\/thead><tbody><tr><td class=\"CookieDeclarationTableCell\" title=\"_ga\">_ga<\/td><td class=\"CookieDeclarationTableCell\"><a title=\"die Datenschutzrichtlinie von Google\" href=\"https:\/\/policies.google.com\/privacy\" target=\"_blank\" rel=\"noopener noreferrer nofollow\">Google<\/a><\/td><td class=\"CookieDeclarationTableCell\" title=\"Registriert eine eindeutige ID, die verwendet wird, um statistische Daten dazu, wie der Besucher die Website nutzt, zu generieren.\">Registriert eine eindeutige ID, die verwendet wird, um statistische Daten dazu, wie der Besucher die Website nutzt, zu generieren.<\/td><td class=\"CookieDeclarationTableCell\" title=\"2 Jahre\">2 Jahre<\/td><td class=\"CookieDeclarationTableCell\" title=\"HTTP Cookie\">HTTP Cookie<\/td><\/tr><tr><td class=\"CookieDeclarationTableCell\" title=\"_gat\">_gat<\/td><td class=\"CookieDeclarationTableCell\"><a title=\"die Datenschutzrichtlinie von Google\" href=\"https:\/\/policies.google.com\/privacy\" target=\"_blank\" rel=\"noopener noreferrer nofollow\">Google<\/a><\/td><td class=\"CookieDeclarationTableCell\" title=\"Wird von Google Analytics verwendet, um die Anforderungsrate einzuschr\u00e4nken\">Wird von Google Analytics verwendet, um die Anforderungsrate einzuschr\u00e4nken<\/td><td class=\"CookieDeclarationTableCell\" title=\"1 Tag\">1 Tag<\/td><td class=\"CookieDeclarationTableCell\" title=\"HTTP Cookie\">HTTP Cookie<\/td><\/tr><tr><td class=\"CookieDeclarationTableCell\" title=\"_gid\">_gid<\/td><td class=\"CookieDeclarationTableCell\"><a title=\"die Datenschutzrichtlinie von Google\" href=\"https:\/\/policies.google.com\/privacy\" target=\"_blank\" rel=\"noopener noreferrer nofollow\">Google<\/a><\/td><td class=\"CookieDeclarationTableCell\" title=\"Registriert eine eindeutige ID, die verwendet wird, um statistische Daten dazu, wie der Besucher die Website nutzt, zu generieren.\">Registriert eine eindeutige ID, die verwendet wird, um statistische Daten dazu, wie der Besucher die Website nutzt, zu generieren.<\/td><td class=\"CookieDeclarationTableCell\" title=\"1 Tag\">1 Tag<\/td><td class=\"CookieDeclarationTableCell\" title=\"HTTP Cookie\">HTTP Cookie<\/td><\/tr><tr><td class=\"CookieDeclarationTableCell\" title=\"CookieConsent\">CookieConsent<\/td><td class=\"CookieDeclarationTableCell\"><a title=\"die Datenschutzrichtlinie von Cookiebot\" href=\"https:\/\/www.cookiebot.com\/goto\/privacy-policy\/\" target=\"_blank\" rel=\"noopener noreferrer nofollow\">Cookiebot<\/a><\/td><td class=\"CookieDeclarationTableCell\" title=\"Speichert den Zustimmungsstatus des Benutzers f\u00fcr Cookies auf der aktuellen Dom\u00e4ne.\">Speichert den Zustimmungsstatus des Benutzers f\u00fcr Cookies auf der aktuellen Dom\u00e4ne.<\/td><td class=\"CookieDeclarationTableCell\" title=\"1 Jahr\">1 Jahr<\/td><td class=\"CookieDeclarationTableCell\" title=\"HTTP Cookie\">HTTP Cookie<\/td><\/tr><tr><td class=\"CookieDeclarationTableCell\" title=\"FP2\/Suche\/SearchCtrl-1-datacache-795a077aa\">FP2\/Suche\/SearchCtrl-1-datacache-795a077aa<\/td><td class=\"CookieDeclarationTableCell\">ssl.optimale-praesentation.de<\/td><td class=\"CookieDeclarationTableCell\" title=\"Anstehend\">Anstehend<\/td><td class=\"CookieDeclarationTableCell\" title=\"Session\">Session<\/td><td class=\"CookieDeclarationTableCell\" title=\"HTML Local Storage\">HTML Local Storage<\/td><\/tr><tr><td class=\"CookieDeclarationTableCell\" title=\"FP2\/Suche\/SearchCtrl-1-sort_rand_seed-795a077aa\">FP2\/Suche\/SearchCtrl-1-sort_rand_seed-795a077aa<\/td><td class=\"CookieDeclarationTableCell\">ssl.optimale-praesentation.de<\/td><td class=\"CookieDeclarationTableCell\" title=\"Anstehend\">Anstehend<\/td><td class=\"CookieDeclarationTableCell\" title=\"Session\">Session<\/td><td class=\"CookieDeclarationTableCell\" title=\"HTML Local Storage\">HTML Local Storage<\/td><\/tr><tr><td class=\"CookieDeclarationTableCell\" title=\"PHPSESSID\">PHPSESSID<\/td><td class=\"CookieDeclarationTableCell\">www.stern-hausboot.de<\/td><td class=\"CookieDeclarationTableCell\" title=\"Beh\u00e4lt die Zust\u00e4nde des Benutzers bei allen Seitenanfragen bei.\">Beh\u00e4lt die Zust\u00e4nde des Benutzers bei allen Seitenanfragen bei.<\/td><td class=\"CookieDeclarationTableCell\" title=\"Session\">Session<\/td><td class=\"CookieDeclarationTableCell\" title=\"HTTP Cookie\">HTTP Cookie<\/td><\/tr><\/tbody><\/table><\/div>\t\t\t\t\t\t\t\t<\/div>\n\t\t\t\t<\/div>\n\t\t\t\t\t<\/div>\n\t\t<\/div>\n\t\t\t\t\t<\/div>\n\t\t<\/section>\n\t\t\t\t<\/div>","protected":false},"excerpt":{"rendered":"<p>Cookie-Richtlinie Diese Webseite verwendet Cookies. Ich verwende Cookies, um Inhalte und Anzeigen zu personalisieren, Funktionen f\u00fcr soziale Medien anbieten zu k\u00f6nnen und die Zugriffe auf unsere Website zu analysieren. Au\u00dferdem gebe ich Informationen zu Ihrer Verwendung unserer Website an meine Partner f\u00fcr soziale Medien, Werbung und Analysen weiter. Meine Partner f\u00fchren diese Informationen m\u00f6glicherweise mit [&hellip;]<\/p>\n","protected":false},"author":1,"featured_media":0,"parent":0,"menu_order":0,"comment_status":"closed","ping_status":"closed","template":"elementor_header_footer","meta":{"footnotes":""},"class_list":["post-366","page","type-page","status-publish","hentry"],"_links":{"self":[{"href":"https:\/\/floating-houses.eu\/da\/wp-json\/wp\/v2\/pages\/366"}],"collection":[{"href":"https:\/\/floating-houses.eu\/da\/wp-json\/wp\/v2\/pages"}],"about":[{"href":"https:\/\/floating-houses.eu\/da\/wp-json\/wp\/v2\/types\/page"}],"author":[{"embeddable":true,"href":"https:\/\/floating-houses.eu\/da\/wp-json\/wp\/v2\/users\/1"}],"replies":[{"embeddable":true,"href":"https:\/\/floating-houses.eu\/da\/wp-json\/wp\/v2\/comments?post=366"}],"version-history":[{"count":10,"href":"https:\/\/floating-houses.eu\/da\/wp-json\/wp\/v2\/pages\/366\/revisions"}],"predecessor-version":[{"id":381,"href":"https:\/\/floating-houses.eu\/da\/wp-json\/wp\/v2\/pages\/366\/revisions\/381"}],"wp:attachment":[{"href":"https:\/\/floating-houses.eu\/da\/wp-json\/wp\/v2\/media?parent=366"}],"curies":[{"name":"wp","href":"https:\/\/api.w.org\/{rel}","templated":true}]}}