{"id":8,"date":"2021-05-02T13:43:20","date_gmt":"2021-05-02T13:43:20","guid":{"rendered":"http:\/\/floating-houses.eu\/?page_id=8"},"modified":"2024-05-23T15:36:14","modified_gmt":"2024-05-23T15:36:14","slug":"floating-houses","status":"publish","type":"page","link":"https:\/\/floating-houses.eu\/da\/","title":{"rendered":"floating-houses"},"content":{"rendered":"<div data-elementor-type=\"wp-page\" data-elementor-id=\"8\" class=\"elementor elementor-8\">\n\t\t\t\t\t\t<section class=\"elementor-section elementor-top-section elementor-element elementor-element-7beebf6 elementor-section-full_width elementor-section-height-min-height elementor-section-items-bottom elementor-section-height-default\" data-id=\"7beebf6\" data-element_type=\"section\" data-e-type=\"section\" data-settings=\"{&quot;background_background&quot;:&quot;classic&quot;}\">\n\t\t\t\t\t\t<div class=\"elementor-container elementor-column-gap-default\">\n\t\t\t\t\t<div class=\"elementor-column elementor-col-100 elementor-top-column elementor-element elementor-element-65382fe\" data-id=\"65382fe\" data-element_type=\"column\" data-e-type=\"column\">\n\t\t\t<div class=\"elementor-widget-wrap\">\n\t\t\t\t\t\t\t<\/div>\n\t\t<\/div>\n\t\t\t\t\t<\/div>\n\t\t<\/section>\n\t\t\t\t<section class=\"elementor-section elementor-top-section elementor-element elementor-element-2eefc23 animated-slow elementor-section-boxed elementor-section-height-default elementor-section-height-default elementor-invisible\" data-id=\"2eefc23\" data-element_type=\"section\" data-e-type=\"section\" data-settings=\"{&quot;animation&quot;:&quot;slideInLeft&quot;,&quot;animation_delay&quot;:500,&quot;animation_tablet&quot;:&quot;slideInLeft&quot;,&quot;animation_mobile&quot;:&quot;slideInLeft&quot;}\">\n\t\t\t\t\t\t<div class=\"elementor-container elementor-column-gap-no\">\n\t\t\t\t\t<div class=\"elementor-column elementor-col-100 elementor-top-column elementor-element elementor-element-6727f8b\" data-id=\"6727f8b\" data-element_type=\"column\" data-e-type=\"column\">\n\t\t\t<div class=\"elementor-widget-wrap elementor-element-populated\">\n\t\t\t\t\t\t<div class=\"elementor-element elementor-element-a3c99f0 elementor-widget elementor-widget-heading\" data-id=\"a3c99f0\" data-element_type=\"widget\" data-e-type=\"widget\" data-settings=\"{&quot;_animation_tablet&quot;:&quot;none&quot;,&quot;_animation_mobile&quot;:&quot;none&quot;}\" data-widget_type=\"heading.default\">\n\t\t\t\t<div class=\"elementor-widget-container\">\n\t\t\t\t\t<h2 class=\"elementor-heading-title elementor-size-default\">chillout-ZONE<\/h2>\t\t\t\t<\/div>\n\t\t\t\t<\/div>\n\t\t\t\t\t<\/div>\n\t\t<\/div>\n\t\t\t\t\t<\/div>\n\t\t<\/section>\n\t\t\t\t<section class=\"elementor-section elementor-top-section elementor-element elementor-element-22c7069 elementor-section-boxed elementor-section-height-default elementor-section-height-default\" data-id=\"22c7069\" data-element_type=\"section\" data-e-type=\"section\">\n\t\t\t\t\t\t<div class=\"elementor-container elementor-column-gap-default\">\n\t\t\t\t\t<div class=\"elementor-column elementor-col-50 elementor-top-column elementor-element elementor-element-e3ae6b7\" data-id=\"e3ae6b7\" data-element_type=\"column\" data-e-type=\"column\">\n\t\t\t<div class=\"elementor-widget-wrap elementor-element-populated\">\n\t\t\t\t\t\t<div class=\"elementor-element elementor-element-cd623de elementor-widget elementor-widget-heading\" data-id=\"cd623de\" data-element_type=\"widget\" data-e-type=\"widget\" data-widget_type=\"heading.default\">\n\t\t\t\t<div class=\"elementor-widget-container\">\n\t\t\t\t\t<h2 class=\"elementor-heading-title elementor-size-default\">En ferielejlighed ved vandet<\/h2>\t\t\t\t<\/div>\n\t\t\t\t<\/div>\n\t\t\t\t<div class=\"elementor-element elementor-element-e7bee33 elementor-widget elementor-widget-heading\" data-id=\"e7bee33\" data-element_type=\"widget\" data-e-type=\"widget\" data-widget_type=\"heading.default\">\n\t\t\t\t<div class=\"elementor-widget-container\">\n\t\t\t\t\t<h2 class=\"elementor-heading-title elementor-size-default\">VELKOMMEN OMBORD!<\/h2>\t\t\t\t<\/div>\n\t\t\t\t<\/div>\n\t\t\t\t<div class=\"elementor-element elementor-element-2392c34 elementor-widget elementor-widget-text-editor\" data-id=\"2392c34\" data-element_type=\"widget\" data-e-type=\"widget\" data-widget_type=\"text-editor.default\">\n\t\t\t\t<div class=\"elementor-widget-container\">\n\t\t\t\t\t\t\t\t\t<p class=\"p1\">Vil du komme ud af tr\u00e6ngsel og travlhed? L\u00e6gge hverdagen bag dig? Og nyde naturen fra vandet? En ferie p\u00e5 en husb\u00e5d betyder frihed, afslapning og eventyr for alle dem, der er p\u00e5 udkig efter noget s\u00e6rligt \u2013 en ferieoplevelse t\u00e6t p\u00e5 naturen direkte p\u00e5 vandet.<\/p><p class=\"p1\">\u00a0<\/p>\t\t\t\t\t\t\t\t<\/div>\n\t\t\t\t<\/div>\n\t\t\t\t\t<\/div>\n\t\t<\/div>\n\t\t\t\t<div class=\"elementor-column elementor-col-50 elementor-top-column elementor-element elementor-element-30c6769\" data-id=\"30c6769\" data-element_type=\"column\" data-e-type=\"column\">\n\t\t\t<div class=\"elementor-widget-wrap elementor-element-populated\">\n\t\t\t\t\t\t<div class=\"elementor-element elementor-element-0289cf4 elementor-widget elementor-widget-text-editor\" data-id=\"0289cf4\" data-element_type=\"widget\" data-e-type=\"widget\" data-widget_type=\"text-editor.default\">\n\t\t\t\t<div class=\"elementor-widget-container\">\n\t\t\t\t\t\t\t\t\t<p class=\"p1\">Die beiden festliegenden Hausboote Aegir und R\u00e1n bieten auf jeweils ca. 35 qm Wohnfl\u00e4che bis zu f\u00fcnf Personen den ganzen Komfort einer modernen und hochwertigen Ferienwohnung. Das ist exklusiver Urlaub auf dem Wasser \u2013 in erster Reihe!<\/p><p class=\"p1\">Inde i husb\u00e5dene finder du ud over den lyse stue hver to sovev\u00e6relser med dobbeltseng, bred k\u00f8jeseng og enkeltseng samt et moderne brusebad. Opbevaringsplads til dine egne ejendele leveres af de kompakte skabe. Intet h\u00e5ndkl\u00e6de med dig? Intet problem! H\u00e5ndkl\u00e6der og sengelinned kan bestilles mod et till\u00e6gsgebyr. Der er naturligvis ogs\u00e5 tr\u00e5dl\u00f8s internetadgang \u2013 gratis.<\/p><p class=\"p1\"><b>Tilbagetog n\u00e5r som helst p\u00e5 \u00e5ret<br \/><\/b><\/p><p class=\"p1\">P\u00e5 varme dage inviterer den rummelige solterrasse dig til at slappe af og solbade i loungehj\u00f8rnet eller i din egen strandstol - afh\u00e6ngigt af dine behov er der plads nok til yoga, meditation eller tr\u00e6ning.<\/p><p class=\"p1\">Men selvom vejret er omskifteligt, forbliver det varmt og hyggeligt i husb\u00e5dene hele \u00e5ret rundt. I hvert v\u00e6relse udstr\u00e5ler den moderne infrar\u00f8de varme varme hyggelig varme. Beroligende infrar\u00f8de str\u00e5ler bruges ogs\u00e5 til sundhedsfremmende behandlinger. Du styrer temperaturen individuelt via en termostat efter dine personlige behov. En oplevelse n\u00e5r som helst p\u00e5 \u00e5ret \u2013 simpelthen vidunderligt!<\/p><p class=\"p1\">Er du freelancer? Digitale nomader? Eller vil du bare sortere dine tanker? S\u00e5 er her det perfekte tilflugtssted for dig. Her kan du udvikle nye koncepter uforstyrret, s\u00e6tte ideer p\u00e5 papir og skrive din bog. Lad dig inspirere af udsigten udenfor over vandet!<\/p><p class=\"p1\"><strong>Valget er dit!<br \/><\/strong><\/p><p class=\"p1\">Slesvig \u00d8sters\u00f8fjord Slei eller Sm\u00e5landmeer i de danske Syds\u00f8er.<\/p>\t\t\t\t\t\t\t\t<\/div>\n\t\t\t\t<\/div>\n\t\t\t\t\t<\/div>\n\t\t<\/div>\n\t\t\t\t\t<\/div>\n\t\t<\/section>\n\t\t\t\t<section class=\"elementor-section elementor-top-section elementor-element elementor-element-65cb8c4 elementor-section-boxed elementor-section-height-default elementor-section-height-default\" data-id=\"65cb8c4\" data-element_type=\"section\" data-e-type=\"section\">\n\t\t\t\t\t\t<div class=\"elementor-container elementor-column-gap-default\">\n\t\t\t\t\t<div class=\"elementor-column elementor-col-100 elementor-top-column elementor-element elementor-element-e3ba108\" data-id=\"e3ba108\" data-element_type=\"column\" data-e-type=\"column\">\n\t\t\t<div class=\"elementor-widget-wrap\">\n\t\t\t\t\t\t\t<\/div>\n\t\t<\/div>\n\t\t\t\t\t<\/div>\n\t\t<\/section>\n\t\t\t\t<section class=\"elementor-section elementor-top-section elementor-element elementor-element-8ea41e0 elementor-section-boxed elementor-section-height-default elementor-section-height-default\" data-id=\"8ea41e0\" data-element_type=\"section\" data-e-type=\"section\">\n\t\t\t\t\t\t<div class=\"elementor-container elementor-column-gap-default\">\n\t\t\t\t\t<div class=\"elementor-column elementor-col-33 elementor-top-column elementor-element elementor-element-b9fb904\" data-id=\"b9fb904\" data-element_type=\"column\" data-e-type=\"column\">\n\t\t\t<div class=\"elementor-widget-wrap elementor-element-populated\">\n\t\t\t\t\t\t<div class=\"elementor-element elementor-element-95115eb elementor-widget elementor-widget-image\" data-id=\"95115eb\" data-element_type=\"widget\" data-e-type=\"widget\" data-widget_type=\"image.default\">\n\t\t\t\t<div class=\"elementor-widget-container\">\n\t\t\t\t\t\t\t\t\t\t\t\t\t\t\t<img fetchpriority=\"high\" decoding=\"async\" width=\"768\" height=\"512\" src=\"https:\/\/floating-houses.eu\/wp-content\/uploads\/2021\/05\/Eingang03_Halm_Schleswigk-768x512.jpg\" class=\"attachment-medium_large size-medium_large wp-image-34\" alt=\"\" srcset=\"https:\/\/floating-houses.eu\/wp-content\/uploads\/2021\/05\/Eingang03_Halm_Schleswigk-768x512.jpg 768w, https:\/\/floating-houses.eu\/wp-content\/uploads\/2021\/05\/Eingang03_Halm_Schleswigk-300x200.jpg 300w, https:\/\/floating-houses.eu\/wp-content\/uploads\/2021\/05\/Eingang03_Halm_Schleswigk-1024x683.jpg 1024w, https:\/\/floating-houses.eu\/wp-content\/uploads\/2021\/05\/Eingang03_Halm_Schleswigk-1536x1024.jpg 1536w, https:\/\/floating-houses.eu\/wp-content\/uploads\/2021\/05\/Eingang03_Halm_Schleswigk-2048x1365.jpg 2048w\" sizes=\"(max-width: 768px) 100vw, 768px\" \/>\t\t\t\t\t\t\t\t\t\t\t\t\t\t\t<\/div>\n\t\t\t\t<\/div>\n\t\t\t\t\t<\/div>\n\t\t<\/div>\n\t\t\t\t<div class=\"elementor-column elementor-col-33 elementor-top-column elementor-element elementor-element-58851cd\" data-id=\"58851cd\" data-element_type=\"column\" data-e-type=\"column\">\n\t\t\t<div class=\"elementor-widget-wrap elementor-element-populated\">\n\t\t\t\t\t\t<div class=\"elementor-element elementor-element-2ad6e65 elementor-widget elementor-widget-image\" data-id=\"2ad6e65\" data-element_type=\"widget\" data-e-type=\"widget\" data-widget_type=\"image.default\">\n\t\t\t\t<div class=\"elementor-widget-container\">\n\t\t\t\t\t\t\t\t\t\t\t\t\t\t\t<img decoding=\"async\" width=\"800\" height=\"534\" src=\"https:\/\/floating-houses.eu\/wp-content\/uploads\/2021\/05\/Terrasse033_Halm_Schleswigk-1024x683.jpg\" class=\"attachment-large size-large wp-image-40\" alt=\"\" srcset=\"https:\/\/floating-houses.eu\/wp-content\/uploads\/2021\/05\/Terrasse033_Halm_Schleswigk-1024x683.jpg 1024w, https:\/\/floating-houses.eu\/wp-content\/uploads\/2021\/05\/Terrasse033_Halm_Schleswigk-300x200.jpg 300w, https:\/\/floating-houses.eu\/wp-content\/uploads\/2021\/05\/Terrasse033_Halm_Schleswigk-768x512.jpg 768w, https:\/\/floating-houses.eu\/wp-content\/uploads\/2021\/05\/Terrasse033_Halm_Schleswigk-1536x1024.jpg 1536w, https:\/\/floating-houses.eu\/wp-content\/uploads\/2021\/05\/Terrasse033_Halm_Schleswigk-2048x1365.jpg 2048w\" sizes=\"(max-width: 800px) 100vw, 800px\" \/>\t\t\t\t\t\t\t\t\t\t\t\t\t\t\t<\/div>\n\t\t\t\t<\/div>\n\t\t\t\t\t<\/div>\n\t\t<\/div>\n\t\t\t\t<div class=\"elementor-column elementor-col-33 elementor-top-column elementor-element elementor-element-90527ce\" data-id=\"90527ce\" data-element_type=\"column\" data-e-type=\"column\">\n\t\t\t<div class=\"elementor-widget-wrap elementor-element-populated\">\n\t\t\t\t\t\t<div class=\"elementor-element elementor-element-c50b24f elementor-widget elementor-widget-image\" data-id=\"c50b24f\" data-element_type=\"widget\" data-e-type=\"widget\" data-widget_type=\"image.default\">\n\t\t\t\t<div class=\"elementor-widget-container\">\n\t\t\t\t\t\t\t\t\t\t\t\t\t\t\t<img decoding=\"async\" width=\"800\" height=\"534\" src=\"https:\/\/floating-houses.eu\/wp-content\/uploads\/2021\/05\/22_Halm_Schleswigk-1024x683.jpg\" class=\"attachment-large size-large wp-image-13\" alt=\"\" srcset=\"https:\/\/floating-houses.eu\/wp-content\/uploads\/2021\/05\/22_Halm_Schleswigk-1024x683.jpg 1024w, https:\/\/floating-houses.eu\/wp-content\/uploads\/2021\/05\/22_Halm_Schleswigk-300x200.jpg 300w, https:\/\/floating-houses.eu\/wp-content\/uploads\/2021\/05\/22_Halm_Schleswigk-768x512.jpg 768w, https:\/\/floating-houses.eu\/wp-content\/uploads\/2021\/05\/22_Halm_Schleswigk-1536x1024.jpg 1536w, https:\/\/floating-houses.eu\/wp-content\/uploads\/2021\/05\/22_Halm_Schleswigk-2048x1365.jpg 2048w\" sizes=\"(max-width: 800px) 100vw, 800px\" \/>\t\t\t\t\t\t\t\t\t\t\t\t\t\t\t<\/div>\n\t\t\t\t<\/div>\n\t\t\t\t\t<\/div>\n\t\t<\/div>\n\t\t\t\t\t<\/div>\n\t\t<\/section>\n\t\t\t\t<section class=\"elementor-section elementor-top-section elementor-element elementor-element-815dcd0 elementor-section-boxed elementor-section-height-default elementor-section-height-default\" data-id=\"815dcd0\" data-element_type=\"section\" data-e-type=\"section\">\n\t\t\t\t\t\t<div class=\"elementor-container elementor-column-gap-default\">\n\t\t\t\t\t<div class=\"elementor-column elementor-col-100 elementor-top-column elementor-element elementor-element-c47c5a4\" data-id=\"c47c5a4\" data-element_type=\"column\" data-e-type=\"column\">\n\t\t\t<div class=\"elementor-widget-wrap\">\n\t\t\t\t\t\t\t<\/div>\n\t\t<\/div>\n\t\t\t\t\t<\/div>\n\t\t<\/section>\n\t\t\t\t<\/div>","protected":false},"excerpt":{"rendered":"<p>chillout-ZONE Eine Ferienwohnung auf dem Wasser Willkommen an Bord! Ihr wollt raus aus der Hektik? Den Alltag hinter Euch lassen? Und die Natur vom Wasser aus genie\u00dfen? Urlaub auf einem Hausboot bedeutet Freiheit, Erholung und Abenteuer f\u00fcr alle, die das Besondere suchen \u2013 ein naturnahes Ferienerlebnis direkt auf dem Wasser. \u00a0 Die beiden festliegenden Hausboote [&hellip;]<\/p>\n","protected":false},"author":1,"featured_media":0,"parent":0,"menu_order":0,"comment_status":"closed","ping_status":"closed","template":"elementor_header_footer","meta":{"footnotes":""},"class_list":["post-8","page","type-page","status-publish","hentry"],"_links":{"self":[{"href":"https:\/\/floating-houses.eu\/da\/wp-json\/wp\/v2\/pages\/8"}],"collection":[{"href":"https:\/\/floating-houses.eu\/da\/wp-json\/wp\/v2\/pages"}],"about":[{"href":"https:\/\/floating-houses.eu\/da\/wp-json\/wp\/v2\/types\/page"}],"author":[{"embeddable":true,"href":"https:\/\/floating-houses.eu\/da\/wp-json\/wp\/v2\/users\/1"}],"replies":[{"embeddable":true,"href":"https:\/\/floating-houses.eu\/da\/wp-json\/wp\/v2\/comments?post=8"}],"version-history":[{"count":311,"href":"https:\/\/floating-houses.eu\/da\/wp-json\/wp\/v2\/pages\/8\/revisions"}],"predecessor-version":[{"id":1140,"href":"https:\/\/floating-houses.eu\/da\/wp-json\/wp\/v2\/pages\/8\/revisions\/1140"}],"wp:attachment":[{"href":"https:\/\/floating-houses.eu\/da\/wp-json\/wp\/v2\/media?parent=8"}],"curies":[{"name":"wp","href":"https:\/\/api.w.org\/{rel}","templated":true}]}}